{"id":94,"date":"2017-10-30T15:16:21","date_gmt":"2017-10-30T15:16:21","guid":{"rendered":"http:\/\/pathwell.axiomthemes.com\/?page_id=94"},"modified":"2021-03-04T15:41:48","modified_gmt":"2021-03-04T20:41:48","slug":"home-1","status":"publish","type":"page","link":"https:\/\/casamalia.co\/","title":{"rendered":"Home 1"},"content":{"rendered":"<div class=\"wpb-content-wrapper\"><p>[vc_section full_width=&#8221;stretch_row&#8221; css=&#8221;.vc_custom_1583507826116{background-image: url(https:\/\/casamalia.co\/wp-content\/uploads\/2020\/03\/casamalia_1-1-scaled.jpg?id=1214) !important;background-position: bottom left !important;background-repeat: no-repeat !important;background-size: cover !important;}&#8221; el_class=&#8221;fondo&#8221;][vc_row full_width=&#8221;stretch_row_content&#8221; hide_bg_image_on_tablet=&#8221;&#8221; hide_bg_image_on_mobile=&#8221;&#8221; el_class=&#8221;rotador&#8221; css=&#8221;.vc_custom_1614876154566{padding-right: 128px !important;padding-left: 128px !important;}&#8221;][vc_column hide_bg_image_on_tablet=&#8221;&#8221; hide_bg_image_on_mobile=&#8221;&#8221; icons_position=&#8221;left&#8221; css=&#8221;.vc_custom_1614890681025{padding-top: 20px !important;}&#8221;][vc_empty_space height=&#8221;50px&#8221; alter_height=&#8221;medium&#8221; hide_on_desktop=&#8221;&#8221; hide_on_notebook=&#8221;&#8221; hide_on_tablet=&#8221;&#8221; hide_on_mobile=&#8221;&#8221;][\/vc_column][\/vc_row][vc_row full_width=&#8221;stretch_row_content&#8221; hide_bg_image_on_tablet=&#8221;&#8221; hide_bg_image_on_mobile=&#8221;&#8221; css=&#8221;.vc_custom_1584540953887{padding-left: 163px !important;}&#8221; el_class=&#8221;tservicios&#8221;][vc_column icons_position=&#8221;left&#8221;][vc_column_text el_class=&#8221;quitar&#8221;]<\/p>\n<h3 style=\"text-align: left;\"><strong>Servicios Premium<\/strong><br \/>\npara adultos mayores<\/h3>\n<hr \/>\n<p>[\/vc_column_text][vc_column_text el_class=&#8221;titulores&#8221;]<\/p>\n<h3 style=\"text-align: center;\"><strong>Servicios Premium<br \/>\n<\/strong>para adultos mayores<\/h3>\n<p>[\/vc_column_text][vc_empty_space height=&#8221;80px&#8221; alter_height=&#8221;none&#8221; hide_on_desktop=&#8221;&#8221; hide_on_notebook=&#8221;&#8221; hide_on_tablet=&#8221;&#8221; hide_on_mobile=&#8221;1&#8243;][vc_empty_space height=&#8221;30px&#8221; alter_height=&#8221;none&#8221; hide_on_desktop=&#8221;1&#8243; hide_on_notebook=&#8221;1&#8243; hide_on_tablet=&#8221;1&#8243; hide_on_mobile=&#8221;&#8221;][\/vc_column][\/vc_row][vc_row full_width=&#8221;stretch_row_content&#8221; hide_bg_image_on_tablet=&#8221;&#8221; hide_bg_image_on_mobile=&#8221;&#8221; el_class=&#8221;servicios&#8221; css=&#8221;.vc_custom_1583778505786{padding-right: 128px !important;padding-left: 128px !important;}&#8221;][vc_column css_animation=&#8221;bounceInDown&#8221; width=&#8221;1\/5&#8243; icons_position=&#8221;left&#8221;][vc_single_image image=&#8221;1211&#8243; img_size=&#8221;full&#8221;][vc_column_text]<a class=\"servicio\" href=\"https:\/\/casamalia.co\/index.php\/servicios\/\">Alojamiento privado<\/a>[\/vc_column_text][\/vc_column][vc_column css_animation=&#8221;bounceInDown&#8221; width=&#8221;1\/5&#8243; icons_position=&#8221;left&#8221;][vc_single_image image=&#8221;1210&#8243; img_size=&#8221;full&#8221;][vc_column_text]<a class=\"servicio\" href=\"https:\/\/casamalia.co\/index.php\/servicios\/\">Cuidados en salud<\/a>[\/vc_column_text][\/vc_column][vc_column css_animation=&#8221;bounceInDown&#8221; width=&#8221;1\/5&#8243; icons_position=&#8221;left&#8221;][vc_single_image image=&#8221;1209&#8243; img_size=&#8221;full&#8221;][vc_column_text]<a class=\"servicio\" href=\"https:\/\/casamalia.co\/index.php\/servicios\/\">Alimentaci\u00f3n Gourmet<\/a>[\/vc_column_text][\/vc_column][vc_column css_animation=&#8221;bounceInDown&#8221; width=&#8221;1\/5&#8243; icons_position=&#8221;left&#8221;][vc_single_image image=&#8221;1208&#8243; img_size=&#8221;full&#8221;][vc_column_text]<a class=\"servicio\" href=\"https:\/\/casamalia.co\/index.php\/servicios\/\">Ejercicio personalizado<\/a>[\/vc_column_text][\/vc_column][vc_column css_animation=&#8221;bounceInDown&#8221; width=&#8221;1\/5&#8243; icons_position=&#8221;left&#8221;][vc_single_image image=&#8221;1207&#8243; img_size=&#8221;full&#8221;][vc_column_text]<a class=\"servicio\" href=\"https:\/\/casamalia.co\/index.php\/servicios\/\">Cultura y recreaci\u00f3n<\/a>[\/vc_column_text][\/vc_column][\/vc_row][vc_row full_width=&#8221;stretch_row_content&#8221; hide_bg_image_on_tablet=&#8221;&#8221; hide_bg_image_on_mobile=&#8221;&#8221; el_class=&#8221;ocultar&#8221; css=&#8221;.vc_custom_1584538904256{padding-right: 30px !important;padding-left: 30px !important;}&#8221;][vc_column css_animation=&#8221;bounceInDown&#8221; width=&#8221;1\/5&#8243; hide_bg_image_on_tablet=&#8221;&#8221; hide_bg_image_on_mobile=&#8221;&#8221; icons_position=&#8221;left&#8221; css=&#8221;.vc_custom_1584539133443{background-image: url(https:\/\/casamalia.co\/wp-content\/uploads\/2020\/03\/servicio1.png?id=1490) !important;background-position: top left !important;background-repeat: no-repeat !important;}&#8221;][vc_column_text]<a class=\"servicio\" href=\"https:\/\/casamalia.co\/index.php\/servicios\/\">Alojamiento<br \/>\nprivado<\/a>[\/vc_column_text][\/vc_column][vc_column css_animation=&#8221;bounceInDown&#8221; width=&#8221;1\/5&#8243; hide_bg_image_on_tablet=&#8221;&#8221; hide_bg_image_on_mobile=&#8221;&#8221; icons_position=&#8221;left&#8221; css=&#8221;.vc_custom_1584539107004{background-image: url(https:\/\/casamalia.co\/wp-content\/uploads\/2020\/03\/servicio2.png?id=1489) !important;background-position: top left !important;background-repeat: no-repeat !important;}&#8221;][vc_column_text]<a class=\"servicio\" href=\"https:\/\/casamalia.co\/index.php\/servicios\/\">Cuidados<br \/>\nen salud<\/a>[\/vc_column_text][\/vc_column][vc_column css_animation=&#8221;bounceInDown&#8221; width=&#8221;1\/5&#8243; hide_bg_image_on_tablet=&#8221;&#8221; hide_bg_image_on_mobile=&#8221;&#8221; icons_position=&#8221;left&#8221; css=&#8221;.vc_custom_1584539112316{background-image: url(https:\/\/casamalia.co\/wp-content\/uploads\/2020\/03\/servicio3.png?id=1488) !important;background-position: top left !important;background-repeat: no-repeat !important;}&#8221;][vc_column_text]<a class=\"servicio\" href=\"https:\/\/casamalia.co\/index.php\/servicios\/\">Alimentaci\u00f3n<br \/>\nGourmet<\/a>[\/vc_column_text][\/vc_column][vc_column css_animation=&#8221;bounceInDown&#8221; width=&#8221;1\/5&#8243; hide_bg_image_on_tablet=&#8221;&#8221; hide_bg_image_on_mobile=&#8221;&#8221; icons_position=&#8221;left&#8221; css=&#8221;.vc_custom_1584539119099{background-image: url(https:\/\/casamalia.co\/wp-content\/uploads\/2020\/03\/servicio4.png?id=1487) !important;background-position: top left !important;background-repeat: no-repeat !important;}&#8221;][vc_column_text]<a class=\"servicio\" href=\"https:\/\/casamalia.co\/index.php\/servicios\/\">Ejercicio<br \/>\npersonalizado<\/a>[\/vc_column_text][\/vc_column][vc_column css_animation=&#8221;bounceInDown&#8221; width=&#8221;1\/5&#8243; hide_bg_image_on_tablet=&#8221;&#8221; hide_bg_image_on_mobile=&#8221;&#8221; icons_position=&#8221;left&#8221; css=&#8221;.vc_custom_1584539126251{background-image: url(https:\/\/casamalia.co\/wp-content\/uploads\/2020\/03\/servicio5.png?id=1486) !important;background-position: top left !important;background-repeat: no-repeat !important;}&#8221;][vc_column_text]<a class=\"servicio\" href=\"https:\/\/casamalia.co\/index.php\/servicios\/\">Cultura y<br \/>\nrecreaci\u00f3n<\/a>[\/vc_column_text][\/vc_column][\/vc_row][vc_row full_width=&#8221;stretch_row_content&#8221; hide_bg_image_on_tablet=&#8221;&#8221; hide_bg_image_on_mobile=&#8221;&#8221; css=&#8221;.vc_custom_1583851370225{padding-top: 123px !important;padding-right: 65px !important;padding-left: 65px !important;background-image: url(https:\/\/casamalia.co\/wp-content\/uploads\/2020\/03\/fondo_video.png?id=1383) !important;background-position: top left !important;background-repeat: no-repeat !important;}&#8221; el_class=&#8221;video&#8221;][vc_column icons_position=&#8221;left&#8221;][vc_row_inner][vc_column_inner el_class=&#8221;video3&#8243; width=&#8221;1\/2&#8243; hide_bg_image_on_tablet=&#8221;&#8221; hide_bg_image_on_mobile=&#8221;&#8221; icons_position=&#8221;left&#8221; css=&#8221;.vc_custom_1583851300326{padding-left: 100px !important;}&#8221;][\/vc_column_inner][vc_column_inner el_class=&#8221;ofrece video&#8221; width=&#8221;1\/2&#8243; hide_bg_image_on_tablet=&#8221;&#8221; hide_bg_image_on_mobile=&#8221;&#8221; icons_position=&#8221;left&#8221; css=&#8221;.vc_custom_1583851308286{padding-right: 100px !important;}&#8221;][vc_empty_space height=&#8221;43px&#8221; alter_height=&#8221;none&#8221; hide_on_desktop=&#8221;&#8221; hide_on_notebook=&#8221;1&#8243; hide_on_tablet=&#8221;1&#8243; hide_on_mobile=&#8221;1&#8243;][\/vc_column_inner][\/vc_row_inner][vc_empty_space height=&#8221;227px&#8221; alter_height=&#8221;none&#8221; hide_on_desktop=&#8221;&#8221; hide_on_notebook=&#8221;&#8221; hide_on_tablet=&#8221;1&#8243; hide_on_mobile=&#8221;1&#8243; el_class=&#8221;alto-video&#8221;][\/vc_column][\/vc_row][vc_row full_width=&#8221;stretch_row_content&#8221; hide_bg_image_on_tablet=&#8221;&#8221; hide_bg_image_on_mobile=&#8221;&#8221; el_class=&#8221;testimonios ocultar&#8221; css=&#8221;.vc_custom_1583785128632{padding-right: 163px !important;padding-left: 163px !important;}&#8221;][vc_column icons_position=&#8221;left&#8221;][vc_empty_space height=&#8221;68px&#8221; alter_height=&#8221;none&#8221; hide_on_desktop=&#8221;&#8221; hide_on_notebook=&#8221;&#8221; hide_on_tablet=&#8221;1&#8243; hide_on_mobile=&#8221;1&#8243;][vc_column_text]<\/p>\n<h3 style=\"text-align: left;\">Nuestro equipo<br \/>\n<span style=\"color: #d49636;\">de trabajo<\/span><\/h3>\n<hr \/>\n<p>[\/vc_column_text][\/vc_column][\/vc_row][vc_row full_width=&#8221;stretch_row_content&#8221; disable_element=&#8221;yes&#8221; hide_bg_image_on_tablet=&#8221;&#8221; hide_bg_image_on_mobile=&#8221;&#8221; el_class=&#8221;testimonios mostrar&#8221; css=&#8221;.vc_custom_1584479507958{padding-right: 163px !important;padding-left: 163px !important;}&#8221;][vc_column icons_position=&#8221;left&#8221;][vc_empty_space height=&#8221;68px&#8221; alter_height=&#8221;none&#8221; hide_on_desktop=&#8221;&#8221; hide_on_notebook=&#8221;&#8221; hide_on_tablet=&#8221;1&#8243; hide_on_mobile=&#8221;1&#8243;][vc_column_text]<\/p>\n<h3 style=\"text-align: left;\">Nuestro equipo<br \/>\n<span style=\"color: #d49636;\">de trabajo<\/span><\/h3>\n<hr \/>\n<p>[\/vc_column_text][\/vc_column][\/vc_row][vc_row][vc_column icons_position=&#8221;left&#8221;]<div  id=\"sc_layouts_1984140630\"\t\tclass=\"sc_layouts sc_layouts_default sc_layouts_289\">[vc_row full_width=\"stretch_row\" scheme=\"dark\" extra_bg_mask=\"5\" hide_bg_image_on_tablet=\"\" hide_bg_image_on_mobile=\"\" row_delimiter=\"\" hide_on_desktop=\"\" hide_on_notebook=\"\" hide_on_tablet=\"\" hide_on_mobile=\"\" hide_on_frontpage=\"\" css=\".vc_custom_1583252180384{background-size: cover !important;}\" el_class=\"cta\"][vc_column css_animation=\"bounceInLeft\" icons_position=\"left\"][vc_empty_space height=\"35px\" alter_height=\"none\" hide_on_desktop=\"\" hide_on_notebook=\"\" hide_on_tablet=\"\" hide_on_mobile=\"\"][vc_column_text el_class=\"cta2\"]<\/p>\r\n<h2 style=\"text-align: center; font-size: 38px;\">\u00bfQu\u00e9 esperas para cambiar tu vida?<br \/>\r\nVive en Casamalia<\/h2>\r\n<p>[\/vc_column_text][vc_empty_space height=\"35px\" alter_height=\"none\" hide_on_desktop=\"\" hide_on_notebook=\"\" hide_on_tablet=\"1\" hide_on_mobile=\"1\"][vc_empty_space height=\"30px\" alter_height=\"none\" hide_on_desktop=\"1\" hide_on_notebook=\"1\" hide_on_tablet=\"\" hide_on_mobile=\"\"][vc_raw_html]JTNDcCUyMHN0eWxlJTNEJTIydGV4dC1hbGlnbiUzQSUyMGNlbnRlciUzQiUyMiUzRSUzQ2ElMjBvbmNsaWNrJTNEJTIycmV0dXJuJTIwZ3RhZ19yZXBvcnRfY29udmVyc2lvbiUyOCUyN2h0dHBzJTNBJTJGJTJGY2FzYW1hbGlhLmNvJTJGaW5kZXgucGhwJTJGY29udGFjdG9zJTJGJTI3JTI5JTNCJTIyJTIwY2xhc3MlM0QlMjJ2Y19nZW5lcmFsJTIwdmNfYnRuMyUyMHZjX2J0bjMtc2l6ZS1tZCUyMHZjX2J0bjMtc2hhcGUtcm91bmRlZCUyMHZjX2J0bjMtc3R5bGUtbW9kZXJuJTIwdmNfYnRuMy1jb2xvci1ncmV5JTIyJTIwaHJlZiUzRCUyMmh0dHBzJTNBJTJGJTJGY2FzYW1hbGlhLmNvJTJGaW5kZXgucGhwJTJGY29udGFjdG9zJTJGJTIyJTIwdGl0bGUlM0QlMjJDb250YWN0b3MlMjIlM0VDb250JUMzJUExY3Rhbm9zJTNDJTJGYSUzRSUzQyUyRnAlM0U=[\/vc_raw_html][vc_empty_space height=\"50px\" alter_height=\"none\" hide_on_desktop=\"\" hide_on_notebook=\"\" hide_on_tablet=\"\" hide_on_mobile=\"\"][\/vc_column][\/vc_row][vc_row content_placement=\"middle\"][vc_column icons_position=\"left\"][\/vc_column][\/vc_row]<\/div>[\/vc_column][\/vc_row][vc_row][vc_column width=&#8221;1\/3&#8243; icons_position=&#8221;left&#8221;][vc_column_text el_class=&#8221;redes&#8221;]<a href=\"https:\/\/www.facebook.com\/Casamalia-109622174004457\" target=\"_blank\" rel=\"noopener noreferrer\"><img loading=\"lazy\" decoding=\"async\" class=\"alignnone size-medium wp-image-1243\" src=\"https:\/\/casamalia.co\/wp-content\/uploads\/2020\/03\/faceb.png\" alt=\"\" width=\"55\" height=\"55\" \/><\/a> \u00a0<a href=\"https:\/\/instagram.com\/casamalialiving?igshid=1j8nav3fx8o2o\" target=\"_blank\" rel=\"noopener noreferrer\"><img loading=\"lazy\" decoding=\"async\" class=\"alignnone size-medium wp-image-1241\" src=\"https:\/\/casamalia.co\/wp-content\/uploads\/2020\/03\/instagram.png\" alt=\"\" width=\"55\" height=\"55\" \/><\/a>[\/vc_column_text][\/vc_column][vc_column width=&#8221;1\/3&#8243; icons_position=&#8221;left&#8221;][vc_single_image image=&#8221;1237&#8243; img_size=&#8221;full&#8221; alignment=&#8221;center&#8221; el_class=&#8221;logo&#8221;][\/vc_column][vc_column width=&#8221;1\/3&#8243; icons_position=&#8221;left&#8221;][vc_column_text el_class=&#8221;copy&#8221;]<\/p>\n<p style=\"text-align: center;\">Todos los derechos reservados \u00a9 2019 &#8211;<br \/>\nDise\u00f1o Juan Andr\u00e9s Alvarez &#8211; Programaci\u00f3n:\u00a0<a href=\"http:\/\/interservicios.co\/\">InterServicios S.A.S<\/a><\/p>\n<p>[\/vc_column_text][\/vc_column][\/vc_row][vc_row][vc_column icons_position=&#8221;left&#8221;][vc_empty_space height=&#8221;60px&#8221; alter_height=&#8221;none&#8221; hide_on_desktop=&#8221;&#8221; hide_on_notebook=&#8221;&#8221; hide_on_tablet=&#8221;&#8221; hide_on_mobile=&#8221;&#8221;][\/vc_column][\/vc_row][\/vc_section]<\/p>\n<\/div>","protected":false},"excerpt":{"rendered":"<p>[vc_section full_width=&#8221;stretch_row&#8221; css=&#8221;.vc_custom_1583507826116{background-image: url(https:\/\/casamalia.co\/wp-content\/uploads\/2020\/03\/casamalia_1-1-scaled.jpg?id=1214) !important;background-position: bottom left !important;background-repeat: no-repeat !important;background-size: cover !important;}&#8221; el_class=&#8221;fondo&#8221;][vc_row full_width=&#8221;stretch_row_content&#8221; hide_bg_image_on_tablet=&#8221;&#8221; hide_bg_image_on_mobile=&#8221;&#8221; el_class=&#8221;rotador&#8221; css=&#8221;.vc_custom_1614876154566{padding-right: 128px !important;padding-left: 128px !important;}&#8221;][vc_column hide_bg_image_on_tablet=&#8221;&#8221; hide_bg_image_on_mobile=&#8221;&#8221; icons_position=&#8221;left&#8221; css=&#8221;.vc_custom_1614890681025{padding-top: 20px !important;}&#8221;][vc_empty_space height=&#8221;50px&#8221; alter_height=&#8221;medium&#8221; hide_on_desktop=&#8221;&#8221; hide_on_notebook=&#8221;&#8221; hide_on_tablet=&#8221;&#8221; hide_on_mobile=&#8221;&#8221;][\/vc_column][\/vc_row][vc_row full_width=&#8221;stretch_row_content&#8221; hide_bg_image_on_tablet=&#8221;&#8221; hide_bg_image_on_mobile=&#8221;&#8221; css=&#8221;.vc_custom_1584540953887{padding-left: 163px !important;}&#8221;&hellip;<\/p>\n","protected":false},"author":1,"featured_media":0,"parent":0,"menu_order":0,"comment_status":"closed","ping_status":"closed","template":"","meta":{"_joinchat":[],"footnotes":""},"class_list":["post-94","page","type-page","status-publish","hentry"],"yoast_head":"<!-- This site is optimized with the Yoast SEO plugin v25.6 - https:\/\/yoast.com\/wordpress\/plugins\/seo\/ -->\n<title>Home 1 - Casamalia<\/title>\n<meta name=\"robots\" content=\"index, follow, max-snippet:-1, max-image-preview:large, max-video-preview:-1\" \/>\n<link rel=\"canonical\" href=\"https:\/\/casamalia.co\/\" \/>\n<meta property=\"og:locale\" content=\"es_ES\" \/>\n<meta property=\"og:type\" content=\"article\" \/>\n<meta property=\"og:title\" content=\"Home 1 - Casamalia\" \/>\n<meta property=\"og:description\" content=\"[vc_section full_width=&#8221;stretch_row&#8221; css=&#8221;.vc_custom_1583507826116{background-image: url(https:\/\/casamalia.co\/wp-content\/uploads\/2020\/03\/casamalia_1-1-scaled.jpg?id=1214) !important;background-position: bottom left !important;background-repeat: no-repeat !important;background-size: cover !important;}&#8221; el_class=&#8221;fondo&#8221;][vc_row full_width=&#8221;stretch_row_content&#8221; hide_bg_image_on_tablet=&#8221;&#8221; hide_bg_image_on_mobile=&#8221;&#8221; el_class=&#8221;rotador&#8221; css=&#8221;.vc_custom_1614876154566{padding-right: 128px !important;padding-left: 128px !important;}&#8221;][vc_column hide_bg_image_on_tablet=&#8221;&#8221; hide_bg_image_on_mobile=&#8221;&#8221; icons_position=&#8221;left&#8221; css=&#8221;.vc_custom_1614890681025{padding-top: 20px !important;}&#8221;][vc_empty_space height=&#8221;50px&#8221; alter_height=&#8221;medium&#8221; hide_on_desktop=&#8221;&#8221; hide_on_notebook=&#8221;&#8221; hide_on_tablet=&#8221;&#8221; hide_on_mobile=&#8221;&#8221;][\/vc_column][\/vc_row][vc_row full_width=&#8221;stretch_row_content&#8221; hide_bg_image_on_tablet=&#8221;&#8221; hide_bg_image_on_mobile=&#8221;&#8221; css=&#8221;.vc_custom_1584540953887{padding-left: 163px !important;}&#8221;&hellip;\" \/>\n<meta property=\"og:url\" content=\"https:\/\/casamalia.co\/\" \/>\n<meta property=\"og:site_name\" content=\"Casamalia\" \/>\n<meta property=\"article:modified_time\" content=\"2021-03-04T20:41:48+00:00\" \/>\n<meta property=\"og:image\" content=\"https:\/\/casamalia.co\/wp-content\/uploads\/2020\/03\/faceb.png\" \/>\n<meta name=\"twitter:card\" content=\"summary_large_image\" \/>\n<meta name=\"twitter:label1\" content=\"Tiempo de lectura\" \/>\n\t<meta name=\"twitter:data1\" content=\"6 minutos\" \/>\n<script type=\"application\/ld+json\" class=\"yoast-schema-graph\">{\"@context\":\"https:\/\/schema.org\",\"@graph\":[{\"@type\":\"WebPage\",\"@id\":\"https:\/\/casamalia.co\/\",\"url\":\"https:\/\/casamalia.co\/\",\"name\":\"Home 1 - Casamalia\",\"isPartOf\":{\"@id\":\"https:\/\/casamalia.co\/#website\"},\"primaryImageOfPage\":{\"@id\":\"https:\/\/casamalia.co\/#primaryimage\"},\"image\":{\"@id\":\"https:\/\/casamalia.co\/#primaryimage\"},\"thumbnailUrl\":\"https:\/\/casamalia.co\/wp-content\/uploads\/2020\/03\/faceb.png\",\"datePublished\":\"2017-10-30T15:16:21+00:00\",\"dateModified\":\"2021-03-04T20:41:48+00:00\",\"breadcrumb\":{\"@id\":\"https:\/\/casamalia.co\/#breadcrumb\"},\"inLanguage\":\"es-CO\",\"potentialAction\":[{\"@type\":\"ReadAction\",\"target\":[\"https:\/\/casamalia.co\/\"]}]},{\"@type\":\"ImageObject\",\"inLanguage\":\"es-CO\",\"@id\":\"https:\/\/casamalia.co\/#primaryimage\",\"url\":\"https:\/\/casamalia.co\/wp-content\/uploads\/2020\/03\/faceb.png\",\"contentUrl\":\"https:\/\/casamalia.co\/wp-content\/uploads\/2020\/03\/faceb.png\",\"width\":55,\"height\":55},{\"@type\":\"BreadcrumbList\",\"@id\":\"https:\/\/casamalia.co\/#breadcrumb\",\"itemListElement\":[{\"@type\":\"ListItem\",\"position\":1,\"name\":\"Inicio\",\"item\":\"https:\/\/casamalia.co\/\"},{\"@type\":\"ListItem\",\"position\":2,\"name\":\"Home 1\"}]},{\"@type\":\"WebSite\",\"@id\":\"https:\/\/casamalia.co\/#website\",\"url\":\"https:\/\/casamalia.co\/\",\"name\":\"Casamalia\",\"description\":\"Seniors Living\",\"publisher\":{\"@id\":\"https:\/\/casamalia.co\/#organization\"},\"potentialAction\":[{\"@type\":\"SearchAction\",\"target\":{\"@type\":\"EntryPoint\",\"urlTemplate\":\"https:\/\/casamalia.co\/?s={search_term_string}\"},\"query-input\":{\"@type\":\"PropertyValueSpecification\",\"valueRequired\":true,\"valueName\":\"search_term_string\"}}],\"inLanguage\":\"es-CO\"},{\"@type\":\"Organization\",\"@id\":\"https:\/\/casamalia.co\/#organization\",\"name\":\"Casamalia\",\"url\":\"https:\/\/casamalia.co\/\",\"logo\":{\"@type\":\"ImageObject\",\"inLanguage\":\"es-CO\",\"@id\":\"https:\/\/casamalia.co\/#\/schema\/logo\/image\/\",\"url\":\"https:\/\/casamalia.co\/wp-content\/uploads\/2017\/11\/logo.png\",\"contentUrl\":\"https:\/\/casamalia.co\/wp-content\/uploads\/2017\/11\/logo.png\",\"width\":185,\"height\":54,\"caption\":\"Casamalia\"},\"image\":{\"@id\":\"https:\/\/casamalia.co\/#\/schema\/logo\/image\/\"}}]}<\/script>\n<!-- \/ Yoast SEO plugin. -->","yoast_head_json":{"title":"Home 1 - Casamalia","robots":{"index":"index","follow":"follow","max-snippet":"max-snippet:-1","max-image-preview":"max-image-preview:large","max-video-preview":"max-video-preview:-1"},"canonical":"https:\/\/casamalia.co\/","og_locale":"es_ES","og_type":"article","og_title":"Home 1 - Casamalia","og_description":"[vc_section full_width=&#8221;stretch_row&#8221; css=&#8221;.vc_custom_1583507826116{background-image: url(https:\/\/casamalia.co\/wp-content\/uploads\/2020\/03\/casamalia_1-1-scaled.jpg?id=1214) !important;background-position: bottom left !important;background-repeat: no-repeat !important;background-size: cover !important;}&#8221; el_class=&#8221;fondo&#8221;][vc_row full_width=&#8221;stretch_row_content&#8221; hide_bg_image_on_tablet=&#8221;&#8221; hide_bg_image_on_mobile=&#8221;&#8221; el_class=&#8221;rotador&#8221; css=&#8221;.vc_custom_1614876154566{padding-right: 128px !important;padding-left: 128px !important;}&#8221;][vc_column hide_bg_image_on_tablet=&#8221;&#8221; hide_bg_image_on_mobile=&#8221;&#8221; icons_position=&#8221;left&#8221; css=&#8221;.vc_custom_1614890681025{padding-top: 20px !important;}&#8221;][vc_empty_space height=&#8221;50px&#8221; alter_height=&#8221;medium&#8221; hide_on_desktop=&#8221;&#8221; hide_on_notebook=&#8221;&#8221; hide_on_tablet=&#8221;&#8221; hide_on_mobile=&#8221;&#8221;][\/vc_column][\/vc_row][vc_row full_width=&#8221;stretch_row_content&#8221; hide_bg_image_on_tablet=&#8221;&#8221; hide_bg_image_on_mobile=&#8221;&#8221; css=&#8221;.vc_custom_1584540953887{padding-left: 163px !important;}&#8221;&hellip;","og_url":"https:\/\/casamalia.co\/","og_site_name":"Casamalia","article_modified_time":"2021-03-04T20:41:48+00:00","og_image":[{"url":"https:\/\/casamalia.co\/wp-content\/uploads\/2020\/03\/faceb.png","type":"","width":"","height":""}],"twitter_card":"summary_large_image","twitter_misc":{"Tiempo de lectura":"6 minutos"},"schema":{"@context":"https:\/\/schema.org","@graph":[{"@type":"WebPage","@id":"https:\/\/casamalia.co\/","url":"https:\/\/casamalia.co\/","name":"Home 1 - Casamalia","isPartOf":{"@id":"https:\/\/casamalia.co\/#website"},"primaryImageOfPage":{"@id":"https:\/\/casamalia.co\/#primaryimage"},"image":{"@id":"https:\/\/casamalia.co\/#primaryimage"},"thumbnailUrl":"https:\/\/casamalia.co\/wp-content\/uploads\/2020\/03\/faceb.png","datePublished":"2017-10-30T15:16:21+00:00","dateModified":"2021-03-04T20:41:48+00:00","breadcrumb":{"@id":"https:\/\/casamalia.co\/#breadcrumb"},"inLanguage":"es-CO","potentialAction":[{"@type":"ReadAction","target":["https:\/\/casamalia.co\/"]}]},{"@type":"ImageObject","inLanguage":"es-CO","@id":"https:\/\/casamalia.co\/#primaryimage","url":"https:\/\/casamalia.co\/wp-content\/uploads\/2020\/03\/faceb.png","contentUrl":"https:\/\/casamalia.co\/wp-content\/uploads\/2020\/03\/faceb.png","width":55,"height":55},{"@type":"BreadcrumbList","@id":"https:\/\/casamalia.co\/#breadcrumb","itemListElement":[{"@type":"ListItem","position":1,"name":"Inicio","item":"https:\/\/casamalia.co\/"},{"@type":"ListItem","position":2,"name":"Home 1"}]},{"@type":"WebSite","@id":"https:\/\/casamalia.co\/#website","url":"https:\/\/casamalia.co\/","name":"Casamalia","description":"Seniors Living","publisher":{"@id":"https:\/\/casamalia.co\/#organization"},"potentialAction":[{"@type":"SearchAction","target":{"@type":"EntryPoint","urlTemplate":"https:\/\/casamalia.co\/?s={search_term_string}"},"query-input":{"@type":"PropertyValueSpecification","valueRequired":true,"valueName":"search_term_string"}}],"inLanguage":"es-CO"},{"@type":"Organization","@id":"https:\/\/casamalia.co\/#organization","name":"Casamalia","url":"https:\/\/casamalia.co\/","logo":{"@type":"ImageObject","inLanguage":"es-CO","@id":"https:\/\/casamalia.co\/#\/schema\/logo\/image\/","url":"https:\/\/casamalia.co\/wp-content\/uploads\/2017\/11\/logo.png","contentUrl":"https:\/\/casamalia.co\/wp-content\/uploads\/2017\/11\/logo.png","width":185,"height":54,"caption":"Casamalia"},"image":{"@id":"https:\/\/casamalia.co\/#\/schema\/logo\/image\/"}}]}},"_links":{"self":[{"href":"https:\/\/casamalia.co\/index.php\/wp-json\/wp\/v2\/pages\/94","targetHints":{"allow":["GET"]}}],"collection":[{"href":"https:\/\/casamalia.co\/index.php\/wp-json\/wp\/v2\/pages"}],"about":[{"href":"https:\/\/casamalia.co\/index.php\/wp-json\/wp\/v2\/types\/page"}],"author":[{"embeddable":true,"href":"https:\/\/casamalia.co\/index.php\/wp-json\/wp\/v2\/users\/1"}],"replies":[{"embeddable":true,"href":"https:\/\/casamalia.co\/index.php\/wp-json\/wp\/v2\/comments?post=94"}],"version-history":[{"count":12,"href":"https:\/\/casamalia.co\/index.php\/wp-json\/wp\/v2\/pages\/94\/revisions"}],"predecessor-version":[{"id":1557,"href":"https:\/\/casamalia.co\/index.php\/wp-json\/wp\/v2\/pages\/94\/revisions\/1557"}],"wp:attachment":[{"href":"https:\/\/casamalia.co\/index.php\/wp-json\/wp\/v2\/media?parent=94"}],"curies":[{"name":"wp","href":"https:\/\/api.w.org\/{rel}","templated":true}]}}