{"id":104,"date":"2017-10-30T15:20:59","date_gmt":"2017-10-30T15:20:59","guid":{"rendered":"http:\/\/pathwell.axiomthemes.com\/?page_id=104"},"modified":"2023-12-26T17:49:29","modified_gmt":"2023-12-26T22:49:29","slug":"contactos","status":"publish","type":"page","link":"https:\/\/casamalia.co\/index.php\/contactos\/","title":{"rendered":"Contactos"},"content":{"rendered":"<div class=\"wpb-content-wrapper\"><p>[vc_row full_width=&#8221;stretch_row_content&#8221; hide_bg_image_on_tablet=&#8221;&#8221; hide_bg_image_on_mobile=&#8221;&#8221; css=&#8221;.vc_custom_1583783116194{padding-right: 163px !important;padding-left: 163px !important;background-image: url(https:\/\/casamalia.co\/wp-content\/uploads\/2020\/03\/casamalia-interiores.png?id=1258) !important;background-position: top left !important;background-repeat: no-repeat !important;}&#8221;][vc_column icons_position=&#8221;left&#8221;][vc_empty_space height=&#8221;95px&#8221; alter_height=&#8221;none&#8221; hide_on_desktop=&#8221;&#8221; hide_on_notebook=&#8221;&#8221; hide_on_tablet=&#8221;&#8221; hide_on_mobile=&#8221;1&#8243;][vc_empty_space height=&#8221;40px&#8221; alter_height=&#8221;none&#8221; hide_on_desktop=&#8221;1&#8243; hide_on_notebook=&#8221;1&#8243; hide_on_tablet=&#8221;1&#8243; hide_on_mobile=&#8221;&#8221;][vc_column_text el_class=&#8221;titulo&#8221;]<\/p>\n<h3>Cont\u00e1ctanos<\/h3>\n<hr \/>\n<p>[\/vc_column_text][vc_empty_space height=&#8221;40px&#8221; alter_height=&#8221;none&#8221; hide_on_desktop=&#8221;1&#8243; hide_on_notebook=&#8221;1&#8243; hide_on_tablet=&#8221;1&#8243; hide_on_mobile=&#8221;&#8221;][vc_empty_space height=&#8221;63px&#8221; alter_height=&#8221;none&#8221; hide_on_desktop=&#8221;&#8221; hide_on_notebook=&#8221;&#8221; hide_on_tablet=&#8221;1&#8243; hide_on_mobile=&#8221;1&#8243;][vc_row_inner][vc_column_inner el_class=&#8221;margenes&#8221; width=&#8221;1\/2&#8243; hide_bg_image_on_tablet=&#8221;&#8221; hide_bg_image_on_mobile=&#8221;&#8221; icons_position=&#8221;left&#8221; css=&#8221;.vc_custom_1584480243547{padding-right: 104px !important;}&#8221;][vc_empty_space height=&#8221;130px&#8221; alter_height=&#8221;none&#8221; hide_on_desktop=&#8221;&#8221; hide_on_notebook=&#8221;&#8221; hide_on_tablet=&#8221;&#8221; hide_on_mobile=&#8221;1&#8243;][vc_column_text el_class=&#8221;contac&#8221;]<img loading=\"lazy\" decoding=\"async\" class=\"alignnone size-full wp-image-1519\" src=\"https:\/\/casamalia.co\/wp-content\/uploads\/2020\/10\/phone_wp.png\" alt=\"\" width=\"47\" height=\"47\" \/><br \/>\n<a style=\"color: #fff;\" href=\"https:\/\/api.whatsapp.com\/send?phone=+573006788343&amp;text=Hola\" target=\"_blank\" rel=\"noopener noreferrer\">+57 300 678 83 43<\/a><\/p>\n<p><img loading=\"lazy\" decoding=\"async\" class=\"alignnone size-full wp-image-1313\" src=\"https:\/\/casamalia.co\/wp-content\/uploads\/2020\/03\/mail.png\" alt=\"\" width=\"47\" height=\"47\" \/><br \/>\ncasamaliaconquistadores@gmail.com<\/p>\n<p><img loading=\"lazy\" decoding=\"async\" class=\"alignnone size-full wp-image-1312\" src=\"https:\/\/casamalia.co\/wp-content\/uploads\/2020\/03\/direccion.png\" alt=\"\" width=\"47\" height=\"47\" \/><br \/>\nCalle 37 # 66 A 10<br \/>\nConquistadores, Medell\u00edn[\/vc_column_text][\/vc_column_inner][vc_column_inner el_class=&#8221;formulario&#8221; width=&#8221;1\/2&#8243; icons_position=&#8221;left&#8221;][vc_empty_space height=&#8221;40px&#8221; alter_height=&#8221;none&#8221; hide_on_desktop=&#8221;1&#8243; hide_on_notebook=&#8221;1&#8243; hide_on_tablet=&#8221;1&#8243; hide_on_mobile=&#8221;&#8221;][vc_column_text]<\/p>\n<p style=\"text-align: center;\">Escr\u00edbenos y nos pondremos en contacto contigo<\/p>\n<p>[\/vc_column_text]\n<div class=\"wpcf7 no-js\" id=\"wpcf7-f842-o1\" lang=\"en-US\" dir=\"ltr\" data-wpcf7-id=\"842\">\n<div class=\"screen-reader-response\"><p role=\"status\" aria-live=\"polite\" aria-atomic=\"true\"><\/p> <ul><\/ul><\/div>\n<form action=\"\/index.php\/wp-json\/wp\/v2\/pages\/104#wpcf7-f842-o1\" method=\"post\" class=\"wpcf7-form init\" aria-label=\"Contact form\" novalidate=\"novalidate\" data-status=\"init\">\n<fieldset class=\"hidden-fields-container\"><input type=\"hidden\" name=\"_wpcf7\" value=\"842\" \/><input type=\"hidden\" name=\"_wpcf7_version\" value=\"6.1.1\" \/><input type=\"hidden\" name=\"_wpcf7_locale\" value=\"en_US\" \/><input type=\"hidden\" name=\"_wpcf7_unit_tag\" value=\"wpcf7-f842-o1\" \/><input type=\"hidden\" name=\"_wpcf7_container_post\" value=\"0\" \/><input type=\"hidden\" name=\"_wpcf7_posted_data_hash\" value=\"\" \/><input type=\"hidden\" name=\"_wpcf7_recaptcha_response\" value=\"\" \/>\n<\/fieldset>\n<div class=\"trx_addons_columns_wrap\">\n\t<div class=\"trx_addons_column-1_1\">\n\t\t<p><label><span class=\"wpcf7-form-control-wrap\" data-name=\"yourname\"><input size=\"40\" maxlength=\"400\" class=\"wpcf7-form-control wpcf7-text wpcf7-validates-as-required\" aria-required=\"true\" aria-invalid=\"false\" placeholder=\"Nombre\" value=\"\" type=\"text\" name=\"yourname\" \/><\/span><\/label>\n\t\t<\/p>\n\t<\/div>\n\t<div class=\"trx_addons_column-1_1\">\n\t\t<p><label><span class=\"wpcf7-form-control-wrap\" data-name=\"youremail\"><input size=\"40\" maxlength=\"400\" class=\"wpcf7-form-control wpcf7-text wpcf7-validates-as-required\" aria-required=\"true\" aria-invalid=\"false\" placeholder=\"Tel\u00e9fono\" value=\"\" type=\"text\" name=\"youremail\" \/><\/span><\/label>\n\t\t<\/p>\n\t<\/div>\n\t<div class=\"trx_addons_column-1_1\">\n\t\t<p><label><span class=\"wpcf7-form-control-wrap\" data-name=\"yourmessage\"><textarea cols=\"40\" rows=\"10\" maxlength=\"2000\" class=\"wpcf7-form-control wpcf7-textarea wpcf7-validates-as-required\" aria-required=\"true\" aria-invalid=\"false\" placeholder=\"Mensaje\" name=\"yourmessage\"><\/textarea><\/span><\/label>\n\t\t<\/p>\n\t<\/div>\n\t<div class=\"trx_addons_column-1_1\">\n\t\n\t<\/div>\n\t<div class=\"trx_addons_column-1_1\">\n\t\t<p><input class=\"wpcf7-form-control wpcf7-submit has-spinner\" type=\"submit\" value=\"Enviar\" \/>\n\t\t<\/p>\n\t<\/div>\n<\/div><div class=\"wpcf7-response-output\" aria-hidden=\"true\"><\/div>\n<\/form>\n<\/div>\n[\/vc_column_inner][\/vc_row_inner][vc_empty_space height=&#8221;110px&#8221; alter_height=&#8221;none&#8221; hide_on_desktop=&#8221;&#8221; hide_on_notebook=&#8221;&#8221; hide_on_tablet=&#8221;&#8221; hide_on_mobile=&#8221;&#8221;][vc_row_inner][vc_column_inner el_class=&#8221;tituloh5&#8243; width=&#8221;1\/2&#8243; fix_column=&#8221;&#8221; hide_bg_image_on_tablet=&#8221;&#8221; hide_bg_image_on_mobile=&#8221;&#8221; icons_position=&#8221;left&#8221; css=&#8221;.vc_custom_1584481238187{padding-right: 104px !important;}&#8221;][vc_empty_space height=&#8221;107px&#8221; alter_height=&#8221;none&#8221; hide_on_desktop=&#8221;&#8221; hide_on_notebook=&#8221;&#8221; hide_on_tablet=&#8221;&#8221; hide_on_mobile=&#8221;1&#8243;][vc_column_text el_class=&#8221;ubicacion&#8221;]<\/p>\n<h5>Nuestra <strong>ubicaci\u00f3n<\/strong><\/h5>\n<p class=\"ocultar\">Casamalia esta ubicada en Conquistadores, una zona tranquila rodeada de espacios verdes, cercana a Parques del R\u00edo, centros comerciales, iglesia y sitios estrat\u00e9gicos de la ciudad, donde se pueden encontrar toda clase de servicios bancarios, comerciales y recreativos.<\/p>\n<p>[\/vc_column_text][\/vc_column_inner][vc_column_inner width=&#8221;1\/2&#8243; icons_position=&#8221;left&#8221;][vc_empty_space height=&#8221;30px&#8221; alter_height=&#8221;none&#8221; hide_on_desktop=&#8221;1&#8243; hide_on_notebook=&#8221;1&#8243; hide_on_tablet=&#8221;1&#8243; hide_on_mobile=&#8221;&#8221;]<div id=\"sc_googlemap_1005035134_wrap\" class=\"sc_googlemap_wrap\"><div id=\"sc_googlemap_1005035134\"\n\t\t\tclass=\"sc_googlemap sc_googlemap_default\"\n\t\t\t style=\"width:100%;height:493px;\"\t\t\tdata-zoom=\"16\"\n\t\t\tdata-style=\"dark\"\n\t\t\tdata-cluster-icon=\"\"\n\n\t\t\t><iframe\n\t\t\t\t\tsrc=\"https:\/\/maps.google.com\/maps?t=m&output=embed&iwloc=near&z=16&q=Calle+37+%23+66+A+10+Medell%C3%ADn\"\n\t\t\t\t\tscrolling=\"no\"\n\t\t\t\t\tmarginheight=\"0\"\n\t\t\t\t\tmarginwidth=\"0\"\n\t\t\t\t\tframeborder=\"0\"\n\t\t\t\t\taria-label=\"\"><\/iframe><\/div><\/div><!-- \/.sc_googlemap_wrap -->[\/vc_column_inner][\/vc_row_inner][vc_empty_space height=&#8221;108px&#8221; alter_height=&#8221;none&#8221; hide_on_desktop=&#8221;&#8221; hide_on_notebook=&#8221;&#8221; hide_on_tablet=&#8221;&#8221; hide_on_mobile=&#8221;&#8221;][vc_row_inner][vc_column_inner width=&#8221;1\/3&#8243; icons_position=&#8221;left&#8221;][vc_column_text el_class=&#8221;redes&#8221;]<a href=\"https:\/\/www.facebook.com\/Casamalia-109622174004457\" target=\"_blank\" rel=\"noopener noreferrer\"><img loading=\"lazy\" decoding=\"async\" class=\"alignnone size-medium wp-image-1243\" src=\"https:\/\/casamalia.co\/wp-content\/uploads\/2020\/03\/faceb.png\" alt=\"\" width=\"55\" height=\"55\" \/><\/a> \u00a0<a href=\"https:\/\/instagram.com\/casamalialiving?igshid=1j8nav3fx8o2o\" target=\"_blank\" rel=\"noopener noreferrer\"><img loading=\"lazy\" decoding=\"async\" class=\"alignnone size-medium wp-image-1241\" src=\"https:\/\/casamalia.co\/wp-content\/uploads\/2020\/03\/instagram.png\" alt=\"\" width=\"55\" height=\"55\" \/><\/a>[\/vc_column_text][\/vc_column_inner][vc_column_inner width=&#8221;1\/3&#8243; icons_position=&#8221;left&#8221;][vc_single_image image=&#8221;1237&#8243; img_size=&#8221;full&#8221; alignment=&#8221;center&#8221; el_class=&#8221;logo&#8221;][\/vc_column_inner][vc_column_inner width=&#8221;1\/3&#8243; icons_position=&#8221;left&#8221;][vc_column_text el_class=&#8221;copy&#8221;]<\/p>\n<p style=\"text-align: center;\">Todos los derechos reservados \u00a9 2019 &#8211;<br \/>\nDise\u00f1o Juan Andr\u00e9s Alvarez &#8211; Programaci\u00f3n:\u00a0<a href=\"http:\/\/interservicios.co\/\">InterServicios S.A.S<\/a>[\/vc_column_text][\/vc_column_inner][\/vc_row_inner][vc_empty_space height=&#8221;47px&#8221; alter_height=&#8221;none&#8221; hide_on_desktop=&#8221;&#8221; hide_on_notebook=&#8221;&#8221; hide_on_tablet=&#8221;&#8221; hide_on_mobile=&#8221;&#8221;][\/vc_column][\/vc_row]<\/p>\n<\/div>","protected":false},"excerpt":{"rendered":"<p>[vc_row full_width=&#8221;stretch_row_content&#8221; hide_bg_image_on_tablet=&#8221;&#8221; hide_bg_image_on_mobile=&#8221;&#8221; css=&#8221;.vc_custom_1583783116194{padding-right: 163px !important;padding-left: 163px !important;background-image: url(https:\/\/casamalia.co\/wp-content\/uploads\/2020\/03\/casamalia-interiores.png?id=1258) !important;background-position: top left !important;background-repeat: no-repeat !important;}&#8221;][vc_column icons_position=&#8221;left&#8221;][vc_empty_space height=&#8221;95px&#8221; alter_height=&#8221;none&#8221; hide_on_desktop=&#8221;&#8221; hide_on_notebook=&#8221;&#8221; hide_on_tablet=&#8221;&#8221; hide_on_mobile=&#8221;1&#8243;][vc_empty_space height=&#8221;40px&#8221; alter_height=&#8221;none&#8221; hide_on_desktop=&#8221;1&#8243; hide_on_notebook=&#8221;1&#8243; hide_on_tablet=&#8221;1&#8243; hide_on_mobile=&#8221;&#8221;][vc_column_text el_class=&#8221;titulo&#8221;] Cont\u00e1ctanos [\/vc_column_text][vc_empty_space height=&#8221;40px&#8221; alter_height=&#8221;none&#8221; hide_on_desktop=&#8221;1&#8243; hide_on_notebook=&#8221;1&#8243; hide_on_tablet=&#8221;1&#8243; hide_on_mobile=&#8221;&#8221;][vc_empty_space height=&#8221;63px&#8221; alter_height=&#8221;none&#8221;&hellip;<\/p>\n","protected":false},"author":1,"featured_media":0,"parent":0,"menu_order":0,"comment_status":"closed","ping_status":"closed","template":"","meta":{"_joinchat":[],"footnotes":""},"class_list":["post-104","page","type-page","status-publish","hentry"],"yoast_head":"<!-- This site is optimized with the Yoast SEO plugin v25.6 - https:\/\/yoast.com\/wordpress\/plugins\/seo\/ -->\n<title>Contactos - Casamalia<\/title>\n<meta name=\"robots\" content=\"index, follow, max-snippet:-1, max-image-preview:large, max-video-preview:-1\" \/>\n<link rel=\"canonical\" href=\"https:\/\/casamalia.co\/index.php\/contactos\/\" \/>\n<meta property=\"og:locale\" content=\"es_ES\" \/>\n<meta property=\"og:type\" content=\"article\" \/>\n<meta property=\"og:title\" content=\"Contactos - Casamalia\" \/>\n<meta property=\"og:description\" content=\"[vc_row full_width=&#8221;stretch_row_content&#8221; hide_bg_image_on_tablet=&#8221;&#8221; hide_bg_image_on_mobile=&#8221;&#8221; css=&#8221;.vc_custom_1583783116194{padding-right: 163px !important;padding-left: 163px !important;background-image: url(https:\/\/casamalia.co\/wp-content\/uploads\/2020\/03\/casamalia-interiores.png?id=1258) !important;background-position: top left !important;background-repeat: no-repeat !important;}&#8221;][vc_column icons_position=&#8221;left&#8221;][vc_empty_space height=&#8221;95px&#8221; alter_height=&#8221;none&#8221; hide_on_desktop=&#8221;&#8221; hide_on_notebook=&#8221;&#8221; hide_on_tablet=&#8221;&#8221; hide_on_mobile=&#8221;1&#8243;][vc_empty_space height=&#8221;40px&#8221; alter_height=&#8221;none&#8221; hide_on_desktop=&#8221;1&#8243; hide_on_notebook=&#8221;1&#8243; hide_on_tablet=&#8221;1&#8243; hide_on_mobile=&#8221;&#8221;][vc_column_text el_class=&#8221;titulo&#8221;] Cont\u00e1ctanos [\/vc_column_text][vc_empty_space height=&#8221;40px&#8221; alter_height=&#8221;none&#8221; hide_on_desktop=&#8221;1&#8243; hide_on_notebook=&#8221;1&#8243; hide_on_tablet=&#8221;1&#8243; hide_on_mobile=&#8221;&#8221;][vc_empty_space height=&#8221;63px&#8221; alter_height=&#8221;none&#8221;&hellip;\" \/>\n<meta property=\"og:url\" content=\"https:\/\/casamalia.co\/index.php\/contactos\/\" \/>\n<meta property=\"og:site_name\" content=\"Casamalia\" \/>\n<meta property=\"article:modified_time\" content=\"2023-12-26T22:49:29+00:00\" \/>\n<meta property=\"og:image\" content=\"https:\/\/casamalia.co\/wp-content\/uploads\/2020\/10\/phone_wp.png\" \/>\n<meta name=\"twitter:card\" content=\"summary_large_image\" \/>\n<meta name=\"twitter:label1\" content=\"Tiempo de lectura\" \/>\n\t<meta name=\"twitter:data1\" content=\"3 minutos\" \/>\n<script type=\"application\/ld+json\" class=\"yoast-schema-graph\">{\"@context\":\"https:\/\/schema.org\",\"@graph\":[{\"@type\":\"WebPage\",\"@id\":\"https:\/\/casamalia.co\/index.php\/contactos\/\",\"url\":\"https:\/\/casamalia.co\/index.php\/contactos\/\",\"name\":\"Contactos - Casamalia\",\"isPartOf\":{\"@id\":\"https:\/\/casamalia.co\/#website\"},\"primaryImageOfPage\":{\"@id\":\"https:\/\/casamalia.co\/index.php\/contactos\/#primaryimage\"},\"image\":{\"@id\":\"https:\/\/casamalia.co\/index.php\/contactos\/#primaryimage\"},\"thumbnailUrl\":\"https:\/\/casamalia.co\/wp-content\/uploads\/2020\/10\/phone_wp.png\",\"datePublished\":\"2017-10-30T15:20:59+00:00\",\"dateModified\":\"2023-12-26T22:49:29+00:00\",\"breadcrumb\":{\"@id\":\"https:\/\/casamalia.co\/index.php\/contactos\/#breadcrumb\"},\"inLanguage\":\"es-CO\",\"potentialAction\":[{\"@type\":\"ReadAction\",\"target\":[\"https:\/\/casamalia.co\/index.php\/contactos\/\"]}]},{\"@type\":\"ImageObject\",\"inLanguage\":\"es-CO\",\"@id\":\"https:\/\/casamalia.co\/index.php\/contactos\/#primaryimage\",\"url\":\"https:\/\/casamalia.co\/wp-content\/uploads\/2020\/10\/phone_wp.png\",\"contentUrl\":\"https:\/\/casamalia.co\/wp-content\/uploads\/2020\/10\/phone_wp.png\",\"width\":47,\"height\":47},{\"@type\":\"BreadcrumbList\",\"@id\":\"https:\/\/casamalia.co\/index.php\/contactos\/#breadcrumb\",\"itemListElement\":[{\"@type\":\"ListItem\",\"position\":1,\"name\":\"Inicio\",\"item\":\"https:\/\/casamalia.co\/\"},{\"@type\":\"ListItem\",\"position\":2,\"name\":\"Contactos\"}]},{\"@type\":\"WebSite\",\"@id\":\"https:\/\/casamalia.co\/#website\",\"url\":\"https:\/\/casamalia.co\/\",\"name\":\"Casamalia\",\"description\":\"Seniors Living\",\"publisher\":{\"@id\":\"https:\/\/casamalia.co\/#organization\"},\"potentialAction\":[{\"@type\":\"SearchAction\",\"target\":{\"@type\":\"EntryPoint\",\"urlTemplate\":\"https:\/\/casamalia.co\/?s={search_term_string}\"},\"query-input\":{\"@type\":\"PropertyValueSpecification\",\"valueRequired\":true,\"valueName\":\"search_term_string\"}}],\"inLanguage\":\"es-CO\"},{\"@type\":\"Organization\",\"@id\":\"https:\/\/casamalia.co\/#organization\",\"name\":\"Casamalia\",\"url\":\"https:\/\/casamalia.co\/\",\"logo\":{\"@type\":\"ImageObject\",\"inLanguage\":\"es-CO\",\"@id\":\"https:\/\/casamalia.co\/#\/schema\/logo\/image\/\",\"url\":\"https:\/\/casamalia.co\/wp-content\/uploads\/2017\/11\/logo.png\",\"contentUrl\":\"https:\/\/casamalia.co\/wp-content\/uploads\/2017\/11\/logo.png\",\"width\":185,\"height\":54,\"caption\":\"Casamalia\"},\"image\":{\"@id\":\"https:\/\/casamalia.co\/#\/schema\/logo\/image\/\"}}]}<\/script>\n<!-- \/ Yoast SEO plugin. -->","yoast_head_json":{"title":"Contactos - Casamalia","robots":{"index":"index","follow":"follow","max-snippet":"max-snippet:-1","max-image-preview":"max-image-preview:large","max-video-preview":"max-video-preview:-1"},"canonical":"https:\/\/casamalia.co\/index.php\/contactos\/","og_locale":"es_ES","og_type":"article","og_title":"Contactos - Casamalia","og_description":"[vc_row full_width=&#8221;stretch_row_content&#8221; hide_bg_image_on_tablet=&#8221;&#8221; hide_bg_image_on_mobile=&#8221;&#8221; css=&#8221;.vc_custom_1583783116194{padding-right: 163px !important;padding-left: 163px !important;background-image: url(https:\/\/casamalia.co\/wp-content\/uploads\/2020\/03\/casamalia-interiores.png?id=1258) !important;background-position: top left !important;background-repeat: no-repeat !important;}&#8221;][vc_column icons_position=&#8221;left&#8221;][vc_empty_space height=&#8221;95px&#8221; alter_height=&#8221;none&#8221; hide_on_desktop=&#8221;&#8221; hide_on_notebook=&#8221;&#8221; hide_on_tablet=&#8221;&#8221; hide_on_mobile=&#8221;1&#8243;][vc_empty_space height=&#8221;40px&#8221; alter_height=&#8221;none&#8221; hide_on_desktop=&#8221;1&#8243; hide_on_notebook=&#8221;1&#8243; hide_on_tablet=&#8221;1&#8243; hide_on_mobile=&#8221;&#8221;][vc_column_text el_class=&#8221;titulo&#8221;] Cont\u00e1ctanos [\/vc_column_text][vc_empty_space height=&#8221;40px&#8221; alter_height=&#8221;none&#8221; hide_on_desktop=&#8221;1&#8243; hide_on_notebook=&#8221;1&#8243; hide_on_tablet=&#8221;1&#8243; hide_on_mobile=&#8221;&#8221;][vc_empty_space height=&#8221;63px&#8221; alter_height=&#8221;none&#8221;&hellip;","og_url":"https:\/\/casamalia.co\/index.php\/contactos\/","og_site_name":"Casamalia","article_modified_time":"2023-12-26T22:49:29+00:00","og_image":[{"url":"https:\/\/casamalia.co\/wp-content\/uploads\/2020\/10\/phone_wp.png","type":"","width":"","height":""}],"twitter_card":"summary_large_image","twitter_misc":{"Tiempo de lectura":"3 minutos"},"schema":{"@context":"https:\/\/schema.org","@graph":[{"@type":"WebPage","@id":"https:\/\/casamalia.co\/index.php\/contactos\/","url":"https:\/\/casamalia.co\/index.php\/contactos\/","name":"Contactos - Casamalia","isPartOf":{"@id":"https:\/\/casamalia.co\/#website"},"primaryImageOfPage":{"@id":"https:\/\/casamalia.co\/index.php\/contactos\/#primaryimage"},"image":{"@id":"https:\/\/casamalia.co\/index.php\/contactos\/#primaryimage"},"thumbnailUrl":"https:\/\/casamalia.co\/wp-content\/uploads\/2020\/10\/phone_wp.png","datePublished":"2017-10-30T15:20:59+00:00","dateModified":"2023-12-26T22:49:29+00:00","breadcrumb":{"@id":"https:\/\/casamalia.co\/index.php\/contactos\/#breadcrumb"},"inLanguage":"es-CO","potentialAction":[{"@type":"ReadAction","target":["https:\/\/casamalia.co\/index.php\/contactos\/"]}]},{"@type":"ImageObject","inLanguage":"es-CO","@id":"https:\/\/casamalia.co\/index.php\/contactos\/#primaryimage","url":"https:\/\/casamalia.co\/wp-content\/uploads\/2020\/10\/phone_wp.png","contentUrl":"https:\/\/casamalia.co\/wp-content\/uploads\/2020\/10\/phone_wp.png","width":47,"height":47},{"@type":"BreadcrumbList","@id":"https:\/\/casamalia.co\/index.php\/contactos\/#breadcrumb","itemListElement":[{"@type":"ListItem","position":1,"name":"Inicio","item":"https:\/\/casamalia.co\/"},{"@type":"ListItem","position":2,"name":"Contactos"}]},{"@type":"WebSite","@id":"https:\/\/casamalia.co\/#website","url":"https:\/\/casamalia.co\/","name":"Casamalia","description":"Seniors Living","publisher":{"@id":"https:\/\/casamalia.co\/#organization"},"potentialAction":[{"@type":"SearchAction","target":{"@type":"EntryPoint","urlTemplate":"https:\/\/casamalia.co\/?s={search_term_string}"},"query-input":{"@type":"PropertyValueSpecification","valueRequired":true,"valueName":"search_term_string"}}],"inLanguage":"es-CO"},{"@type":"Organization","@id":"https:\/\/casamalia.co\/#organization","name":"Casamalia","url":"https:\/\/casamalia.co\/","logo":{"@type":"ImageObject","inLanguage":"es-CO","@id":"https:\/\/casamalia.co\/#\/schema\/logo\/image\/","url":"https:\/\/casamalia.co\/wp-content\/uploads\/2017\/11\/logo.png","contentUrl":"https:\/\/casamalia.co\/wp-content\/uploads\/2017\/11\/logo.png","width":185,"height":54,"caption":"Casamalia"},"image":{"@id":"https:\/\/casamalia.co\/#\/schema\/logo\/image\/"}}]}},"_links":{"self":[{"href":"https:\/\/casamalia.co\/index.php\/wp-json\/wp\/v2\/pages\/104","targetHints":{"allow":["GET"]}}],"collection":[{"href":"https:\/\/casamalia.co\/index.php\/wp-json\/wp\/v2\/pages"}],"about":[{"href":"https:\/\/casamalia.co\/index.php\/wp-json\/wp\/v2\/types\/page"}],"author":[{"embeddable":true,"href":"https:\/\/casamalia.co\/index.php\/wp-json\/wp\/v2\/users\/1"}],"replies":[{"embeddable":true,"href":"https:\/\/casamalia.co\/index.php\/wp-json\/wp\/v2\/comments?post=104"}],"version-history":[{"count":5,"href":"https:\/\/casamalia.co\/index.php\/wp-json\/wp\/v2\/pages\/104\/revisions"}],"predecessor-version":[{"id":1565,"href":"https:\/\/casamalia.co\/index.php\/wp-json\/wp\/v2\/pages\/104\/revisions\/1565"}],"wp:attachment":[{"href":"https:\/\/casamalia.co\/index.php\/wp-json\/wp\/v2\/media?parent=104"}],"curies":[{"name":"wp","href":"https:\/\/api.w.org\/{rel}","templated":true}]}}